{"id":15341,"date":"2026-01-16T02:42:09","date_gmt":"2026-01-16T01:42:09","guid":{"rendered":"https:\/\/oponyauto.shop\/xef5\/produkt\/2x-ilink-225-75r16c-winter-il989-116-114r\/"},"modified":"2026-01-16T02:42:09","modified_gmt":"2026-01-16T01:42:09","slug":"2x-ilink-225-75r16c-winter-il989-116-114r","status":"publish","type":"product","link":"https:\/\/oponexa.shop\/tire\/produkt\/2x-ilink-225-75r16c-winter-il989-116-114r\/","title":{"rendered":"2x Ilink 225\/75R16C WINTER IL989 116\/114R"},"content":{"rendered":"<div style=\"font-family: Arial, sans-serif; line-height: 1.6; color: #333; padding: 20px; clear: both; display: block; width: 100%; float: none; position: static; overflow: hidden;\">\n<div style=\"clear: both; display: block; margin: 10px 0;\">\n<div style=\"clear: both; display: block; margin: 10px 0;\">\n<div style=\"clear: both; display: block; margin: 10px 0;\">\n<h2>Opona zimowa Ilink WINTER IL989 225\/75R16C 116\/114R<\/h2>\n<p style=\"margin: 15px 0; line-height: 1.8; clear: both; display: block; width: 100%; float: none; position: static;\"><b>ILINK&nbsp;WINTER IL989&nbsp;<\/b>to opona zimowa klasy ekonomicznej. Jest dedykowana do samochod\u00f3w dostawczych.<\/p>\n<p style=\"margin: 15px 0; line-height: 1.8; clear: both; display: block; width: 100%; float: none; position: static;\">&nbsp;<\/p>\n<p style=\"margin: 15px 0; line-height: 1.8; clear: both; display: block; width: 100%; float: none; position: static;\">Opona posiada symetryczny wz\u00f3r bie\u017cnika. To rozwi\u0105zanie pozwala na osi\u0105gni\u0119cie optymalnych parametr\u00f3w jezdnych bior\u0105c pod uwag\u0119 specyfik\u0119 opon dostawczych.<\/p>\n<p style=\"margin: 15px 0; line-height: 1.8; clear: both; display: block; width: 100%; float: none; position: static;\">Szerokie rowki obwodowe odpowiadaj\u0105 za sprawneodprowadzanie wody i b\u0142ota po\u015bniegowego. Spada ryzyko powstania zjawiska aquaplaningu i&nbsp;<b>polepsza si\u0119 hamowanie na mokrej nawierzchni<\/b>.<\/p>\n<p style=\"margin: 15px 0; line-height: 1.8; clear: both; display: block; width: 100%; float: none; position: static;\">Klocki bie\u017cnika s\u0105 poprzecinane du\u017c\u0105 ilo\u015bci\u0105 lameli,. Odpowiadaj\u0105 one za&nbsp;<b>dobr\u0105 trakcj\u0119 na za\u015bnie\u017conej nawierzchni<\/b>.<\/p>\n<p style=\"margin: 15px 0; line-height: 1.8; clear: both; display: block; width: 100%; float: none; position: static;\">Masywne klocki bie\u017cnika&nbsp;<b>poprawiaj\u0105 prowadzenie i zapewniaj\u0105 stabiln\u0105 jazd\u0119.<\/b><\/p>\n<p style=\"margin: 15px 0; line-height: 1.8; clear: both; display: block; width: 100%; float: none; position: static;\">Zoptymalizowany wz\u00f3r bie\u017cnika w po\u0142\u0105czeniu z odpowiedni\u0105 mieszank\u0105 gumow\u0105 sprawiaj\u0105, \u017ce przyczepno\u015b\u0107 jest na lepszym poziomie, a przebiegi zosta\u0142y wyd\u0142u\u017cone.<\/p>\n<p style=\"margin: 15px 0; line-height: 1.8; clear: both; display: block; width: 100%; float: none; position: static;\"><b>ILINK WINTER IL989<\/b><b>&nbsp;<\/b>to opona o zadowalaj\u0105cych parametrach w przyst\u0119pnej cenie.<\/p>\n<\/div>\n<\/div>\n<\/div>\n<div style=\"clear: both; display: block; margin: 10px 0;\">\n<div style=\"clear: both; display: block; margin: 10px 0;\">\n<div style=\"clear: both; display: block; margin: 10px 0;\">\n<div  style=\"max-width:500px;max-height:500px\">\n<div style=\"clear: both; display: block; margin: 10px 0;\">\n<div style=\"clear: both; width: 100%; display: block; margin: 20px 0; padding: 0; float: none; position: static; text-align: center;\"><img decoding=\"async\"  src=\"https:\/\/a.allegroimg.com\/original\/11a8f5\/98a9a12d4aeaaf2e2d3d12b329dc\/2x-Ilink-225-75R16C-WINTER-IL989-116-114R\" srcset=\"https:\/\/a.allegroimg.com\/original\/11a8f5\/98a9a12d4aeaaf2e2d3d12b329dc\/2x-Ilink-225-75R16C-WINTER-IL989-116-114R 360w,https:\/\/a.allegroimg.com\/original\/11a8f5\/98a9a12d4aeaaf2e2d3d12b329dc\/2x-Ilink-225-75R16C-WINTER-IL989-116-114R 500w,https:\/\/a.allegroimg.com\/original\/11a8f5\/98a9a12d4aeaaf2e2d3d12b329dc\/2x-Ilink-225-75R16C-WINTER-IL989-116-114R 500w\" sizes=\"(min-width: 1200px) 560px, (min-width: 992px) 50vw, 100vw\" width=\"500px\" alt=\"2x Ilink 225\/75R16C WINTER IL989 116\/114R\" style=\"max-width: 100%; height: auto; display: block; margin: 0 auto;\"><\/div>\n<\/div>\n<\/div>\n<\/div>\n<\/div>\n<div style=\"clear: both; display: block; margin: 10px 0;\">\n<div style=\"clear: both; display: block; margin: 10px 0;\">\n<ul style=\"margin: 15px 0; padding-left: 20px; clear: both; display: block; width: 100%; float: none; position: static;\">\n<li style=\"margin: 5px 0; padding: 2px 0; clear: both; display: list-item; float: none; position: static;\"><b>Marka:<\/b> Ilink<\/li>\n<li style=\"margin: 5px 0; padding: 2px 0; clear: both; display: list-item; float: none; position: static;\"><b>Liczba opon w ofercie:<\/b> 2 szt.<\/li>\n<li style=\"margin: 5px 0; padding: 2px 0; clear: both; display: list-item; float: none; position: static;\"><b>Run flat:<\/b> Nie<\/li>\n<li style=\"margin: 5px 0; padding: 2px 0; clear: both; display: list-item; float: none; position: static;\"><b>Sezon:<\/b> Zimowe<\/li>\n<li style=\"margin: 5px 0; padding: 2px 0; clear: both; display: list-item; float: none; position: static;\"><b>Model:<\/b> WINTER IL989<\/li>\n<li style=\"margin: 5px 0; padding: 2px 0; clear: both; display: list-item; float: none; position: static;\"><b>Szeroko\u015b\u0107 opony:<\/b> 225 mm<\/li>\n<li style=\"margin: 5px 0; padding: 2px 0; clear: both; display: list-item; float: none; position: static;\"><b>Profil opony:<\/b> 75<\/li>\n<li style=\"margin: 5px 0; padding: 2px 0; clear: both; display: list-item; float: none; position: static;\"><b>\u015arednica:<\/b> 16&#8243;<\/li>\n<li style=\"margin: 5px 0; padding: 2px 0; clear: both; display: list-item; float: none; position: static;\"><b>Indeks no\u015bno\u015bci:<\/b> 116\/114 &#8211; 1250\/1180 kg<\/li>\n<li style=\"margin: 5px 0; padding: 2px 0; clear: both; display: list-item; float: none; position: static;\"><b>Indeks pr\u0119dko\u015bci:<\/b> R do 170 km\/h<\/li>\n<li style=\"margin: 5px 0; padding: 2px 0; clear: both; display: list-item; float: none; position: static;\"><b>Przyczepno\u015b\u0107 na mokrej nawierzchni:<\/b> Klasa C<\/li>\n<li style=\"margin: 5px 0; padding: 2px 0; clear: both; display: list-item; float: none; position: static;\"><b>Op\u00f3r toczenia:<\/b> Klasa C<\/li>\n<li style=\"margin: 5px 0; padding: 2px 0; clear: both; display: list-item; float: none; position: static;\"><b>Ha\u0142as zewn\u0119trzny:<\/b> 72 dB<\/li>\n<li style=\"margin: 5px 0; padding: 2px 0; clear: both; display: list-item; float: none; position: static;\"><b>Rok produkcji (DOT):<\/b> <b>Kupuj\u0105c z tej oferty otrzymasz opony fabrycznie nowe, a ich rok produkcji jest nie starszy ni\u017c ubieg\u0142y rok kalendarzowy &#8211; 2025\/2024<\/b><\/li>\n<\/ul>\n<\/div>\n<\/div>\n<\/div>\n<\/div>\n<\/div>\n<\/div>\n<div style=\"clear: both; display: block; margin: 10px 0;\">\n","protected":false},"excerpt":{"rendered":"<p>Opona zimowa Ilink WINTER IL989 225\/75R16C 116\/114R<\/p>\n<p>ILINK&nbsp;WINTER IL989&nbsp;to opona zimowa klasy ekonomicznej. Jest dedykowana do samochod\u00f3w dostawczych.<\/p>\n<p>&nbsp;<\/p>\n<p>Opona posiada symetryczny wz\u00f3r bie\u017cnika. To rozwi\u0105zanie pozwala na osi\u0105gni\u0119cie optymalnych parametr\u00f3w jezdnych bior\u0105c pod uwag\u0119 specyfik\u0119 opon dostawczych.<\/p>\n<p>Szerokie rowki obwodowe odpowiadaj\u0105 za sprawneodprowadzanie wody i b\u0142ota po\u015bniegowego. Spada ryzyko powstania zjawiska aquaplaningu i&nbsp;polepsza si\u0119 hamowanie na mokrej nawierzchni.<\/p>\n","protected":false},"featured_media":15342,"template":"","meta":{"_uag_custom_page_level_css":""},"product_brand":[447],"product_cat":[417,413,412,415],"product_tag":[],"class_list":{"0":"post-15341","1":"product","2":"type-product","3":"status-publish","4":"has-post-thumbnail","6":"product_brand-ilink","7":"product_cat-do-samochodow-dostawczych","8":"product_cat-opony","9":"product_cat-opony-i-felgi","10":"product_cat-zimowe","12":"first","13":"instock","14":"shipping-taxable","15":"purchasable","16":"product-type-simple"},"uagb_featured_image_src":{"full":["https:\/\/oponexa.shop\/tire\/wp-content\/uploads\/2026\/01\/allegro-image-15341.jpg",500,500,false],"thumbnail":["https:\/\/oponexa.shop\/tire\/wp-content\/uploads\/2026\/01\/allegro-image-15341-150x150.jpg",150,150,true],"medium":["https:\/\/oponexa.shop\/tire\/wp-content\/uploads\/2026\/01\/allegro-image-15341-300x300.jpg",300,300,true],"medium_large":["https:\/\/oponexa.shop\/tire\/wp-content\/uploads\/2026\/01\/allegro-image-15341.jpg",500,500,false],"large":["https:\/\/oponexa.shop\/tire\/wp-content\/uploads\/2026\/01\/allegro-image-15341.jpg",500,500,false],"1536x1536":["https:\/\/oponexa.shop\/tire\/wp-content\/uploads\/2026\/01\/allegro-image-15341.jpg",500,500,false],"2048x2048":["https:\/\/oponexa.shop\/tire\/wp-content\/uploads\/2026\/01\/allegro-image-15341.jpg",500,500,false],"woocommerce_thumbnail":["https:\/\/oponexa.shop\/tire\/wp-content\/uploads\/2026\/01\/allegro-image-15341-300x300.jpg",300,300,true],"woocommerce_single":["https:\/\/oponexa.shop\/tire\/wp-content\/uploads\/2026\/01\/allegro-image-15341.jpg",500,500,false],"woocommerce_gallery_thumbnail":["https:\/\/oponexa.shop\/tire\/wp-content\/uploads\/2026\/01\/allegro-image-15341-100x100.jpg",100,100,true]},"uagb_author_info":{"display_name":"admin","author_link":"https:\/\/oponexa.shop\/tire\/author\/"},"uagb_comment_info":0,"uagb_excerpt":"Opona zimowa Ilink WINTER IL989 225\/75R16C 116\/114R ILINK&nbsp;WINTER IL989&nbsp;to opona zimowa klasy ekonomicznej. Jest dedykowana do samochod\u00f3w dostawczych. &nbsp; Opona posiada symetryczny wz\u00f3r bie\u017cnika. To rozwi\u0105zanie pozwala na osi\u0105gni\u0119cie optymalnych parametr\u00f3w jezdnych bior\u0105c pod uwag\u0119 specyfik\u0119 opon dostawczych. Szerokie rowki obwodowe odpowiadaj\u0105 za sprawneodprowadzanie wody i b\u0142ota po\u015bniegowego. Spada ryzyko powstania zjawiska aquaplaningu i&nbsp;polepsza si\u0119&hellip;","_links":{"self":[{"href":"https:\/\/oponexa.shop\/tire\/wp-json\/wp\/v2\/product\/15341","targetHints":{"allow":["GET"]}}],"collection":[{"href":"https:\/\/oponexa.shop\/tire\/wp-json\/wp\/v2\/product"}],"about":[{"href":"https:\/\/oponexa.shop\/tire\/wp-json\/wp\/v2\/types\/product"}],"wp:featuredmedia":[{"embeddable":true,"href":"https:\/\/oponexa.shop\/tire\/wp-json\/wp\/v2\/media\/15342"}],"wp:attachment":[{"href":"https:\/\/oponexa.shop\/tire\/wp-json\/wp\/v2\/media?parent=15341"}],"wp:term":[{"taxonomy":"product_brand","embeddable":true,"href":"https:\/\/oponexa.shop\/tire\/wp-json\/wp\/v2\/product_brand?post=15341"},{"taxonomy":"product_cat","embeddable":true,"href":"https:\/\/oponexa.shop\/tire\/wp-json\/wp\/v2\/product_cat?post=15341"},{"taxonomy":"product_tag","embeddable":true,"href":"https:\/\/oponexa.shop\/tire\/wp-json\/wp\/v2\/product_tag?post=15341"}],"curies":[{"name":"wp","href":"https:\/\/api.w.org\/{rel}","templated":true}]}}